{"id":35,"date":"2016-10-06T11:47:11","date_gmt":"2016-10-06T09:47:11","guid":{"rendered":"http:\/\/newdev.matrix-laser.com\/?page_id=35"},"modified":"2019-01-28T14:54:28","modified_gmt":"2019-01-28T13:54:28","slug":"matrix-laser","status":"publish","type":"page","link":"https:\/\/www.matrix-laser.com\/?page_id=35&lang=de","title":{"rendered":"Matrix Laser"},"content":{"rendered":"<div id='full_slider_1'  class='avia-fullwidth-slider main_color avia-shadow   avia-builder-el-0  el_before_av_section  avia-builder-el-first   container_wrap sidebar_right'  ><div  class='avia-slideshow av-av_slideshow_full-bec1ad78fa8c2116f3297e1e823038e0 avia-slideshow-featured av_slideshow_full avia-fade-slider av-slideshow-ui av-control-default av-slideshow-autoplay av-loop-endless av-loop-manual-endless av-default-height-applied   avia-slideshow-1' data-slideshow-options=\"{&quot;animation&quot;:&quot;fade&quot;,&quot;autoplay&quot;:true,&quot;loop_autoplay&quot;:&quot;endless&quot;,&quot;interval&quot;:3,&quot;loop_manual&quot;:&quot;manual-endless&quot;,&quot;autoplay_stopper&quot;:false,&quot;noNavigation&quot;:false,&quot;bg_slider&quot;:false,&quot;keep_padding&quot;:false,&quot;hoverpause&quot;:false,&quot;show_slide_delay&quot;:0}\"  itemprop=\"image\" itemscope=\"itemscope\" itemtype=\"https:\/\/schema.org\/ImageObject\" ><ul class='avia-slideshow-inner ' style='padding-bottom: 28.666666666667%;'><li  class='avia-slideshow-slide av-av_slideshow_full-bec1ad78fa8c2116f3297e1e823038e0__0  slide-1 slide-odd'><div data-rel='slideshow-1' class='avia-slide-wrap '   ><img class=\"wp-image-80 avia-img-lazy-loading-not-80\"  src='https:\/\/www.matrix-laser.com\/wp-content\/uploads\/2016\/10\/matrix-slide1.jpg' width='1500' height='430' title='matrix-slide1' alt=''  itemprop=\"thumbnailUrl\"   \/><\/div><\/li><li  class='avia-slideshow-slide av-av_slideshow_full-bec1ad78fa8c2116f3297e1e823038e0__1  slide-2 slide-even'><div data-rel='slideshow-1' class='avia-slide-wrap '   ><img class=\"wp-image-267 avia-img-lazy-loading-not-267\"  src='https:\/\/www.matrix-laser.com\/wp-content\/uploads\/2018\/09\/op14-1500x430.jpg' width='1500' height='430' title='op14' alt=''  itemprop=\"thumbnailUrl\"   \/><\/div><\/li><li  class='avia-slideshow-slide av-av_slideshow_full-bec1ad78fa8c2116f3297e1e823038e0__2  slide-3 slide-odd'><div data-rel='slideshow-1' class='avia-slide-wrap '   ><img class=\"wp-image-266 avia-img-lazy-loading-not-266\"  src='https:\/\/www.matrix-laser.com\/wp-content\/uploads\/2018\/09\/6-1500x430.jpg' width='1500' height='430' title='' alt=''  itemprop=\"thumbnailUrl\"   \/><\/div><\/li><li  class='avia-slideshow-slide av-av_slideshow_full-bec1ad78fa8c2116f3297e1e823038e0__3  slide-4 slide-even'><div data-rel='slideshow-1' class='avia-slide-wrap '  title='Matrix Laser - Emirates Palace\r\n' ><img class=\"wp-image-81 avia-img-lazy-loading-not-81\"  src='https:\/\/www.matrix-laser.com\/wp-content\/uploads\/2016\/10\/matrix-slide2.jpg' width='1500' height='430' title='matrix-slide2' alt='Matrix Laser'  itemprop=\"thumbnailUrl\"   \/><\/div><\/li><li  class='avia-slideshow-slide av-av_slideshow_full-bec1ad78fa8c2116f3297e1e823038e0__4  slide-5 slide-odd'><div data-rel='slideshow-1' class='avia-slide-wrap '   ><img class=\"wp-image-82 avia-img-lazy-loading-not-82\"  src='https:\/\/www.matrix-laser.com\/wp-content\/uploads\/2016\/10\/matrix-slide3.jpg' width='1500' height='430' title='matrix-slide3' alt=''  itemprop=\"thumbnailUrl\"   \/><\/div><\/li><li  class='avia-slideshow-slide av-av_slideshow_full-bec1ad78fa8c2116f3297e1e823038e0__5  slide-6 slide-even'><div data-rel='slideshow-1' class='avia-slide-wrap '   ><img class=\"wp-image-83 avia-img-lazy-loading-not-83\"  src='https:\/\/www.matrix-laser.com\/wp-content\/uploads\/2016\/10\/matrix-slide4.jpg' width='1500' height='430' title='matrix-slide4' alt=''  itemprop=\"thumbnailUrl\"   \/><\/div><\/li><li  class='avia-slideshow-slide av-av_slideshow_full-bec1ad78fa8c2116f3297e1e823038e0__6  slide-7 slide-odd'><div data-rel='slideshow-1' class='avia-slide-wrap '   ><img class=\"wp-image-210 avia-img-lazy-loading-not-210\"  src='https:\/\/www.matrix-laser.com\/wp-content\/uploads\/2016\/10\/WGS-1500x430.jpg' width='1500' height='430' title='WGS' alt=''  itemprop=\"thumbnailUrl\"   \/><\/div><\/li><\/ul><div class='avia-slideshow-arrows avia-slideshow-controls' ><a href='#prev' class='prev-slide ' aria-hidden='true' data-av_icon='\ue87c' data-av_iconfont='entypo-fontello'  tabindex='-1'>Zur\u00fcck<\/a><a href='#next' class='next-slide ' aria-hidden='true' data-av_icon='\ue87d' data-av_iconfont='entypo-fontello'  tabindex='-1'>Weiter<\/a><\/div><div class='avia-slideshow-dots avia-slideshow-controls'><a href='#1' class='goto-slide active' >1<\/a><a href='#2' class='goto-slide ' >2<\/a><a href='#3' class='goto-slide ' >3<\/a><a href='#4' class='goto-slide ' >4<\/a><a href='#5' class='goto-slide ' >5<\/a><a href='#6' class='goto-slide ' >6<\/a><a href='#7' class='goto-slide ' >7<\/a><\/div><\/div><\/div>\n<div id='av_section_1'  class='avia-section av-av_section-d18d8c2c81d10022ebd21ffa95322c35 main_color avia-section-default avia-no-shadow  avia-builder-el-1  el_after_av_slideshow_full  el_before_av_section  avia-bg-style-scroll container_wrap sidebar_right'  ><div class='container av-section-cont-open' ><div class='template-page content  av-content-small alpha units'><div class='post-entry post-entry-type-page post-entry-35'><div class='entry-content-wrapper clearfix'>\n\n<style type=\"text\/css\" data-created_by=\"avia_inline_auto\" id=\"style-css-av-av_one_full-9497bbf8bff73ea4c6992cc17fa9ec36\">\n.flex_column.av-av_one_full-9497bbf8bff73ea4c6992cc17fa9ec36{\n-webkit-border-radius:0px 0px 0px 0px;\n-moz-border-radius:0px 0px 0px 0px;\nborder-radius:0px 0px 0px 0px;\npadding:0px 0px 0px 0px;\n}\n<\/style>\n<div class='flex_column av-av_one_full-9497bbf8bff73ea4c6992cc17fa9ec36 av_one_full  avia-builder-el-2  el_before_av_one_half  avia-builder-el-first  first flex_column_div av-zero-column-padding '     ><section  class='av_textblock_section av-av_textblock-0366cc7376be6c9e82a3e9cc8987b64f'  itemscope=\"itemscope\" itemtype=\"https:\/\/schema.org\/CreativeWork\" ><div class='avia_textblock'  itemprop=\"text\" ><h1>Matrix Laser &#8211; Showlaser Solutions<\/h1>\n<\/div><\/section><\/div>\n<style type=\"text\/css\" data-created_by=\"avia_inline_auto\" id=\"style-css-av-av_one_half-ab46918561c375e42ce0f51f58e029c0\">\n.flex_column.av-av_one_half-ab46918561c375e42ce0f51f58e029c0{\n-webkit-border-radius:0px 0px 0px 0px;\n-moz-border-radius:0px 0px 0px 0px;\nborder-radius:0px 0px 0px 0px;\npadding:0px 0px 0px 0px;\n}\n<\/style>\n<div class='flex_column av-av_one_half-ab46918561c375e42ce0f51f58e029c0 av_one_half  avia-builder-el-4  el_after_av_one_full  el_before_av_one_half  first flex_column_div av-animated-generic fade-in av-zero-column-padding column-top-margin'     ><section  class='av_textblock_section av-av_textblock-0366cc7376be6c9e82a3e9cc8987b64f'  itemscope=\"itemscope\" itemtype=\"https:\/\/schema.org\/CreativeWork\" ><div class='avia_textblock'  itemprop=\"text\" ><h2>Modernsten Showlasersysteme<\/h2>\n<p>Die modernsten Showlasersysteme zu bauen und die faszinierendsten Laserevents zu kreieren &#8211; das ist unsere Mission. Bei der stetigen Suche nach neuen, noch besseren L\u00f6sungen orientieren wir uns nicht an kurzfristigen Trends, sondern z\u00e4hlen auf unsere langj\u00e4hrige Erfahrung, weltweite Kooperationen und insbesondere auf unser kreatives Team. F\u00fcr uns ist das Au\u00dfergew\u00f6hnliche normal &#8211; Nur ein Punkt unserer Unternehmensphilosophie, denn:<\/p>\n<h3>Viele hinterlassen Spuren. Wenige einen Eindruck.<\/h3>\n<p>Jeder Tag bringt neue Anforderungen. Gut, wenn man immer darauf reagieren kann. Bedingt durch Abnahmegarantien und damit verbundene langfristige Partnervertr\u00e4ge mit Herstellern der Laser- und Showtechnik erhalten wir Produktions- und Liefergarantien. Diese erm\u00f6glichen uns kurzfristig und individuell auf Kundenw\u00fcnsche zu reagieren. Denn nur wer in viele Richtungen denkt, hat die Chance, \u00fcberzeugende Antworten zu finden.<\/p>\n<p>Als innovatives Unternehmen sollten Sie sich bei der Wahl Ihres Laseranbieters nicht mit Kompromissen zufrieden geben. Unsere Lasersysteme und Showkonzepte stecken voller Ideen.<\/p>\n<\/div><\/section><\/div>\n<style type=\"text\/css\" data-created_by=\"avia_inline_auto\" id=\"style-css-av-av_one_half-7b04668b4dc86f47e32fc0fa09784324\">\n.flex_column.av-av_one_half-7b04668b4dc86f47e32fc0fa09784324{\n-webkit-border-radius:0px 0px 0px 0px;\n-moz-border-radius:0px 0px 0px 0px;\nborder-radius:0px 0px 0px 0px;\npadding:0px 0px 0px 0px;\n}\n<\/style>\n<div class='flex_column av-av_one_half-7b04668b4dc86f47e32fc0fa09784324 av_one_half  avia-builder-el-6  el_after_av_one_half  avia-builder-el-last  flex_column_div av-animated-generic fade-in av-zero-column-padding column-top-margin'     ><section  class='av_textblock_section av-av_textblock-0366cc7376be6c9e82a3e9cc8987b64f'  itemscope=\"itemscope\" itemtype=\"https:\/\/schema.org\/CreativeWork\" ><div class='avia_textblock'  itemprop=\"text\" ><p>Weiterhin ist gem\u00e4\u00df \u00a75 Abs. 1 der BGV B2 Unfallverh\u00fctungsvorschrift (Laserstrahlung) der Betrieb von Lasersystemen beim zust\u00e4ndigen Amt f\u00fcr Arbeitssicherheit anzumelden. Zwingend vorgeschrieben ist hierbei ebenso die Stellung eines Laserschutzbeauftragten.Seminare zur Ausbildung zum Laserschutzbeauftragten nach BGV-B2 bzw. EN 60825 werden st\u00e4ndig angeboten.<\/p>\n<\/div><\/section><\/div>\n\n<\/div><\/div><\/div><!-- close content main div --><\/div><\/div>\n<style type=\"text\/css\" data-created_by=\"avia_inline_auto\" id=\"style-css-av-av_section-ecb9b1c40ce3c26e76f51782e5ca77e4\">\n.avia-section.av-av_section-ecb9b1c40ce3c26e76f51782e5ca77e4{\nbackground-color:#e2e2e2;\nbackground-image:unset;\n}\n<\/style>\n<div id='av_section_2'  class='avia-section av-av_section-ecb9b1c40ce3c26e76f51782e5ca77e4 main_color avia-section-default avia-no-shadow  avia-builder-el-8  el_after_av_section  el_before_av_section  avia-bg-style-scroll container_wrap sidebar_right'  ><div class='container av-section-cont-open' ><div class='template-page content  av-content-small alpha units'><div class='post-entry post-entry-type-page post-entry-35'><div class='entry-content-wrapper clearfix'>\n\n<style type=\"text\/css\" data-created_by=\"avia_inline_auto\" id=\"style-css-av-av_heading-6bf38c7cbb340453c91c6c5f70b85b5f\">\n#top .av-special-heading.av-av_heading-6bf38c7cbb340453c91c6c5f70b85b5f{\npadding-bottom:30px;\n}\nbody .av-special-heading.av-av_heading-6bf38c7cbb340453c91c6c5f70b85b5f .av-special-heading-tag .heading-char{\nfont-size:25px;\n}\n.av-special-heading.av-av_heading-6bf38c7cbb340453c91c6c5f70b85b5f .av-subheading{\nfont-size:15px;\n}\n<\/style>\n<div  class='av-special-heading av-av_heading-6bf38c7cbb340453c91c6c5f70b85b5f av-special-heading-h2 blockquote modern-quote  avia-builder-el-9  el_before_av_one_third  avia-builder-el-first '><h2 class='av-special-heading-tag'  itemprop=\"headline\"  >Auszug aus unseren Referenzen<\/h2><div class=\"special-heading-border\"><div class=\"special-heading-inner-border\"><\/div><\/div><\/div>\n\n<style type=\"text\/css\" data-created_by=\"avia_inline_auto\" id=\"style-css-av-av_one_third-55cf45b7605df2465d919145262e9e9c\">\n.flex_column.av-av_one_third-55cf45b7605df2465d919145262e9e9c{\n-webkit-border-radius:0px 0px 0px 0px;\n-moz-border-radius:0px 0px 0px 0px;\nborder-radius:0px 0px 0px 0px;\npadding:0px 0px 0px 0px;\n}\n<\/style>\n<div class='flex_column av-av_one_third-55cf45b7605df2465d919145262e9e9c av_one_third  avia-builder-el-10  el_after_av_heading  el_before_av_one_third  first flex_column_div av-animated-generic top-to-bottom av-zero-column-padding '     ><section  class='av_textblock_section av-av_textblock-0366cc7376be6c9e82a3e9cc8987b64f'  itemscope=\"itemscope\" itemtype=\"https:\/\/schema.org\/CreativeWork\" ><div class='avia_textblock'  itemprop=\"text\" ><ul>\n<li>30 Years MAG Group<\/li>\n<li>Justin Timberlake, Abu Dhabi<\/li>\n<li>ADMA OPCO, 40 Years of archievement, Abu Dhabi<\/li>\n<li>Spirit of the Union, Abu Dhabi<\/li>\n<li>Al Waha Capital Lounge, Abu Dhabi<\/li>\n<li>SL Formula 1 Lounge, Abu Dhabi<\/li>\n<li>Formula 1 , Bahrain<\/li>\n<li>35 Years Bank of Sharjah, Sharjah and Dubai<\/li>\n<li>World Security Forum, Abu Dhabi<\/li>\n<li>30 Years\u00a0 MAG Group of Companies, Dubai<\/li>\n<li>IP Forum, Abu Dhabi<\/li>\n<li>Falcon City Exhibition Booth, Dubai<\/li>\n<\/ul>\n<\/div><\/section><\/div>\n<style type=\"text\/css\" data-created_by=\"avia_inline_auto\" id=\"style-css-av-av_one_third-f8fdd8960f8627fa2e765b7070cdcb85\">\n.flex_column.av-av_one_third-f8fdd8960f8627fa2e765b7070cdcb85{\n-webkit-border-radius:0px 0px 0px 0px;\n-moz-border-radius:0px 0px 0px 0px;\nborder-radius:0px 0px 0px 0px;\npadding:0px 0px 0px 0px;\n}\n<\/style>\n<div class='flex_column av-av_one_third-f8fdd8960f8627fa2e765b7070cdcb85 av_one_third  avia-builder-el-12  el_after_av_one_third  el_before_av_one_third  flex_column_div av-animated-generic top-to-bottom av-zero-column-padding '     ><section  class='av_textblock_section av-av_textblock-0366cc7376be6c9e82a3e9cc8987b64f'  itemscope=\"itemscope\" itemtype=\"https:\/\/schema.org\/CreativeWork\" ><div class='avia_textblock'  itemprop=\"text\" ><ul>\n<li>35 Years NPCC, Abu Dhabi<\/li>\n<li>MAN and Bayern M\u00fcnchen, Abu Dhabi<\/li>\n<li>Nokia Conference, Dubai<\/li>\n<li>Nokia Gala Dinner, Dubai<\/li>\n<li>LUX Festival, Chricket Stadium, Sharjah<\/li>\n<li>Tiesto Concert, Abu Dhabi<\/li>\n<li>National Day\u00a0 2011, Doha<\/li>\n<li>Phillips Product Launch , Dubai<\/li>\n<li>Spirit of the Union, Abu Dhabi<\/li>\n<li>Sand Dance, Dubai<\/li>\n<li>New Years Eve 2010, Burj Khalifa Dubai<\/li>\n<li>ADGAS Award Ceremony<\/li>\n<li>Redfest DXB 2016<\/li>\n<li>Redfest DXB 2018<\/li>\n<\/ul>\n<\/div><\/section><\/div>\n<style type=\"text\/css\" data-created_by=\"avia_inline_auto\" id=\"style-css-av-av_one_third-f8fdd8960f8627fa2e765b7070cdcb85\">\n.flex_column.av-av_one_third-f8fdd8960f8627fa2e765b7070cdcb85{\n-webkit-border-radius:0px 0px 0px 0px;\n-moz-border-radius:0px 0px 0px 0px;\nborder-radius:0px 0px 0px 0px;\npadding:0px 0px 0px 0px;\n}\n<\/style>\n<div class='flex_column av-av_one_third-f8fdd8960f8627fa2e765b7070cdcb85 av_one_third  avia-builder-el-14  el_after_av_one_third  avia-builder-el-last  flex_column_div av-animated-generic top-to-bottom av-zero-column-padding '     ><section  class='av_textblock_section av-av_textblock-0366cc7376be6c9e82a3e9cc8987b64f'  itemscope=\"itemscope\" itemtype=\"https:\/\/schema.org\/CreativeWork\" ><div class='avia_textblock'  itemprop=\"text\" ><ul>\n<li>National Day 2010-2018, Emirtaes Palace, Abu Dhab<\/li>\n<li>National Day 2010-2016, Presidential Affairs Palace, Abu Dhabi<\/li>\n<li>Al Ahli Club, Award Ceremony, Dubai<\/li>\n<li>Officers Club Sports Tournament,2011. Abu Dhabi<\/li>\n<li>Ferry Corsten Concert, Dubai<\/li>\n<li>National Day ADIA 2011, Abu Dhabi<\/li>\n<li>Flagpole Opening Ceremony , Baku<\/li>\n<li>F1 After Race Concerts, Baku<\/li>\n<\/ul>\n<\/div><\/section><\/div>\n\n<\/div><\/div><\/div><!-- close content main div --><\/div><\/div><div id='av_section_3'  class='avia-section av-av_section-d18d8c2c81d10022ebd21ffa95322c35 main_color avia-section-default avia-no-shadow  avia-builder-el-16  el_after_av_section  avia-builder-el-last  avia-bg-style-scroll container_wrap sidebar_right'  ><div class='container av-section-cont-open' ><div class='template-page content  av-content-small alpha units'><div class='post-entry post-entry-type-page post-entry-35'><div class='entry-content-wrapper clearfix'>\n<section  class='av_textblock_section av-av_textblock-0366cc7376be6c9e82a3e9cc8987b64f'  itemscope=\"itemscope\" itemtype=\"https:\/\/schema.org\/CreativeWork\" ><div class='avia_textblock'  itemprop=\"text\" ><h1>News<\/h1>\n<\/div><\/section>\n\n<style type=\"text\/css\" data-created_by=\"avia_inline_auto\" id=\"style-css-av-av_gallery-e834b6a5ae19c654dcc1dbacb99bef5d\">\n#top .avia-gallery.av-av_gallery-e834b6a5ae19c654dcc1dbacb99bef5d .avia-gallery-thumb a{\nwidth:16.6667%;\n}\n<\/style>\n<div  class='avia-gallery av-av_gallery-e834b6a5ae19c654dcc1dbacb99bef5d avia_animate_when_visible  avia-builder-el-18  el_after_av_textblock  avia-builder-el-last  avia_lazyload avia-gallery-animate avia-gallery-1'  itemprop=\"image\" itemscope=\"itemscope\" itemtype=\"https:\/\/schema.org\/ImageObject\" ><meta itemprop=\"contentURL\" content=\"https:\/\/www.matrix-laser.com\/?page_id=35&amp;lang=de\"><div class='avia-gallery-thumb'><a href=\"https:\/\/www.matrix-laser.com\/wp-content\/uploads\/2016\/10\/Newsletter_01_2011-727x1030.jpg\" data-rel='gallery-1' data-prev-img='https:\/\/www.matrix-laser.com\/wp-content\/uploads\/2016\/10\/Newsletter_01_2011-495x400.jpg' class='first_thumb lightbox ' data-onclick='1' title='newsletter_01_2011'  itemprop=\"thumbnailUrl\"  ><img class=\"wp-image-68 avia-img-lazy-loading-not-68\"   src='https:\/\/www.matrix-laser.com\/wp-content\/uploads\/2016\/10\/Newsletter_01_2011-180x180.jpg' width='180' height='180'  title='newsletter_01_2011' alt='' \/><div class='big-prev-fake'><img class=\"wp-image-68 avia-img-lazy-loading-68\"  width='495' height='400' src='https:\/\/www.matrix-laser.com\/wp-content\/uploads\/2016\/10\/Newsletter_01_2011-495x400.jpg' title='newsletter_01_2011' alt='' \/><\/div><\/a><a href=\"https:\/\/www.matrix-laser.com\/wp-content\/uploads\/2016\/10\/newsletter04_2012.jpg\" data-rel='gallery-1' data-prev-img='https:\/\/www.matrix-laser.com\/wp-content\/uploads\/2016\/10\/newsletter04_2012-495x400.jpg' class='lightbox ' data-onclick='2' title='newsletter04_2012'  itemprop=\"thumbnailUrl\"  ><img class=\"wp-image-69 avia-img-lazy-loading-not-69\"   src='https:\/\/www.matrix-laser.com\/wp-content\/uploads\/2016\/10\/newsletter04_2012-180x180.jpg' width='180' height='180'  title='newsletter04_2012' alt='' \/><div class='big-prev-fake'><img class=\"wp-image-69 avia-img-lazy-loading-69\"  width='495' height='400' src='https:\/\/www.matrix-laser.com\/wp-content\/uploads\/2016\/10\/newsletter04_2012-495x400.jpg' title='newsletter04_2012' alt='' \/><\/div><\/a><a href=\"https:\/\/www.matrix-laser.com\/wp-content\/uploads\/2016\/10\/newsletter06_2011-729x1030.jpg\" data-rel='gallery-1' data-prev-img='https:\/\/www.matrix-laser.com\/wp-content\/uploads\/2016\/10\/newsletter06_2011-495x400.jpg' class='lightbox ' data-onclick='3' title='newsletter06_2011'  itemprop=\"thumbnailUrl\"  ><img class=\"wp-image-70 avia-img-lazy-loading-not-70\"   src='https:\/\/www.matrix-laser.com\/wp-content\/uploads\/2016\/10\/newsletter06_2011-180x180.jpg' width='180' height='180'  title='newsletter06_2011' alt='' \/><div class='big-prev-fake'><img class=\"wp-image-70 avia-img-lazy-loading-70\"  width='495' height='400' src='https:\/\/www.matrix-laser.com\/wp-content\/uploads\/2016\/10\/newsletter06_2011-495x400.jpg' title='newsletter06_2011' alt='' \/><\/div><\/a><a href=\"https:\/\/www.matrix-laser.com\/wp-content\/uploads\/2016\/10\/newsletter07_2011-729x1030.jpg\" data-rel='gallery-1' data-prev-img='https:\/\/www.matrix-laser.com\/wp-content\/uploads\/2016\/10\/newsletter07_2011-495x400.jpg' class='lightbox ' data-onclick='4' title='newsletter07_2011'  itemprop=\"thumbnailUrl\"  ><img class=\"wp-image-71 avia-img-lazy-loading-not-71\"   src='https:\/\/www.matrix-laser.com\/wp-content\/uploads\/2016\/10\/newsletter07_2011-180x180.jpg' width='180' height='180'  title='newsletter07_2011' alt='' \/><div class='big-prev-fake'><img class=\"wp-image-71 avia-img-lazy-loading-71\"  width='495' height='400' src='https:\/\/www.matrix-laser.com\/wp-content\/uploads\/2016\/10\/newsletter07_2011-495x400.jpg' title='newsletter07_2011' alt='' \/><\/div><\/a><a href=\"https:\/\/www.matrix-laser.com\/wp-content\/uploads\/2016\/10\/newsletter08_2011.jpg\" data-rel='gallery-1' data-prev-img='https:\/\/www.matrix-laser.com\/wp-content\/uploads\/2016\/10\/newsletter08_2011-495x400.jpg' class='lightbox ' data-onclick='5' title='newsletter08_2011'  itemprop=\"thumbnailUrl\"  ><img class=\"wp-image-72 avia-img-lazy-loading-not-72\"   src='https:\/\/www.matrix-laser.com\/wp-content\/uploads\/2016\/10\/newsletter08_2011-180x180.jpg' width='180' height='180'  title='newsletter08_2011' alt='' \/><div class='big-prev-fake'><img class=\"wp-image-72 avia-img-lazy-loading-72\"  width='495' height='400' src='https:\/\/www.matrix-laser.com\/wp-content\/uploads\/2016\/10\/newsletter08_2011-495x400.jpg' title='newsletter08_2011' alt='' \/><\/div><\/a><a href=\"https:\/\/www.matrix-laser.com\/wp-content\/uploads\/2016\/10\/newsletter12_2011.jpg\" data-rel='gallery-1' data-prev-img='https:\/\/www.matrix-laser.com\/wp-content\/uploads\/2016\/10\/newsletter12_2011-495x400.jpg' class='lightbox ' data-onclick='6' title='newsletter12_2011'  itemprop=\"thumbnailUrl\"  ><img class=\"wp-image-73 avia-img-lazy-loading-not-73\"   src='https:\/\/www.matrix-laser.com\/wp-content\/uploads\/2016\/10\/newsletter12_2011-180x180.jpg' width='180' height='180'  title='newsletter12_2011' alt='' \/><div class='big-prev-fake'><img class=\"wp-image-73 avia-img-lazy-loading-73\"  width='495' height='400' src='https:\/\/www.matrix-laser.com\/wp-content\/uploads\/2016\/10\/newsletter12_2011-495x400.jpg' title='newsletter12_2011' alt='' \/><\/div><\/a><\/div><\/div>\n<\/div><\/div><\/div><!-- close content main div --><\/div><\/div><div id='after_section_3'  class='main_color av_default_container_wrap container_wrap sidebar_right'  ><div class='container av-section-cont-open' ><div class='template-page content  av-content-small alpha units'><div class='post-entry post-entry-type-page post-entry-35'><div class='entry-content-wrapper clearfix'>\n","protected":false},"excerpt":{"rendered":"","protected":false},"author":3,"featured_media":0,"parent":0,"menu_order":1,"comment_status":"closed","ping_status":"closed","template":"","meta":{"footnotes":""},"class_list":["post-35","page","type-page","status-publish","hentry"],"yoast_head":"<!-- This site is optimized with the Yoast SEO plugin v25.8 - https:\/\/yoast.com\/wordpress\/plugins\/seo\/ -->\n<title>Matrix Laser - Showlaser Solutions<\/title>\n<meta name=\"robots\" content=\"index, follow, max-snippet:-1, max-image-preview:large, max-video-preview:-1\" \/>\n<link rel=\"canonical\" href=\"https:\/\/www.matrix-laser.com\/?page_id=35&lang=de\" \/>\n<meta property=\"og:locale\" content=\"de_DE\" \/>\n<meta property=\"og:type\" content=\"article\" \/>\n<meta property=\"og:title\" content=\"Matrix Laser - Showlaser Solutions\" \/>\n<meta property=\"og:url\" content=\"https:\/\/www.matrix-laser.com\/?page_id=35&amp;lang=de\" \/>\n<meta property=\"og:site_name\" content=\"Matrix Laser - Showlaser Solutions\" \/>\n<meta property=\"article:modified_time\" content=\"2019-01-28T13:54:28+00:00\" \/>\n<meta name=\"twitter:card\" content=\"summary_large_image\" \/>\n<meta name=\"twitter:label1\" content=\"Gesch\u00e4tzte Lesezeit\" \/>\n\t<meta name=\"twitter:data1\" content=\"9\u00a0Minuten\" \/>\n<script type=\"application\/ld+json\" class=\"yoast-schema-graph\">{\"@context\":\"https:\/\/schema.org\",\"@graph\":[{\"@type\":\"WebPage\",\"@id\":\"https:\/\/www.matrix-laser.com\/?page_id=35&lang=de\",\"url\":\"https:\/\/www.matrix-laser.com\/?page_id=35&lang=de\",\"name\":\"Matrix Laser - Showlaser Solutions\",\"isPartOf\":{\"@id\":\"https:\/\/www.matrix-laser.com\/#website\"},\"datePublished\":\"2016-10-06T09:47:11+00:00\",\"dateModified\":\"2019-01-28T13:54:28+00:00\",\"breadcrumb\":{\"@id\":\"https:\/\/www.matrix-laser.com\/?page_id=35&lang=de#breadcrumb\"},\"inLanguage\":\"de\",\"potentialAction\":[{\"@type\":\"ReadAction\",\"target\":[\"https:\/\/www.matrix-laser.com\/?page_id=35&lang=de\"]}]},{\"@type\":\"BreadcrumbList\",\"@id\":\"https:\/\/www.matrix-laser.com\/?page_id=35&lang=de#breadcrumb\",\"itemListElement\":[{\"@type\":\"ListItem\",\"position\":1,\"name\":\"Startseite\",\"item\":\"https:\/\/www.matrix-laser.com\/?page_id=35&lang=de\"},{\"@type\":\"ListItem\",\"position\":2,\"name\":\"Matrix Laser\"}]},{\"@type\":\"WebSite\",\"@id\":\"https:\/\/www.matrix-laser.com\/#website\",\"url\":\"https:\/\/www.matrix-laser.com\/\",\"name\":\"Matrix Laser - Showlaser Solutions\",\"description\":\"\",\"potentialAction\":[{\"@type\":\"SearchAction\",\"target\":{\"@type\":\"EntryPoint\",\"urlTemplate\":\"https:\/\/www.matrix-laser.com\/?s={search_term_string}\"},\"query-input\":{\"@type\":\"PropertyValueSpecification\",\"valueRequired\":true,\"valueName\":\"search_term_string\"}}],\"inLanguage\":\"de\"}]}<\/script>\n<!-- \/ Yoast SEO plugin. -->","yoast_head_json":{"title":"Matrix Laser - Showlaser Solutions","robots":{"index":"index","follow":"follow","max-snippet":"max-snippet:-1","max-image-preview":"max-image-preview:large","max-video-preview":"max-video-preview:-1"},"canonical":"https:\/\/www.matrix-laser.com\/?page_id=35&lang=de","og_locale":"de_DE","og_type":"article","og_title":"Matrix Laser - Showlaser Solutions","og_url":"https:\/\/www.matrix-laser.com\/?page_id=35&lang=de","og_site_name":"Matrix Laser - Showlaser Solutions","article_modified_time":"2019-01-28T13:54:28+00:00","twitter_card":"summary_large_image","twitter_misc":{"Gesch\u00e4tzte Lesezeit":"9\u00a0Minuten"},"schema":{"@context":"https:\/\/schema.org","@graph":[{"@type":"WebPage","@id":"https:\/\/www.matrix-laser.com\/?page_id=35&lang=de","url":"https:\/\/www.matrix-laser.com\/?page_id=35&lang=de","name":"Matrix Laser - Showlaser Solutions","isPartOf":{"@id":"https:\/\/www.matrix-laser.com\/#website"},"datePublished":"2016-10-06T09:47:11+00:00","dateModified":"2019-01-28T13:54:28+00:00","breadcrumb":{"@id":"https:\/\/www.matrix-laser.com\/?page_id=35&lang=de#breadcrumb"},"inLanguage":"de","potentialAction":[{"@type":"ReadAction","target":["https:\/\/www.matrix-laser.com\/?page_id=35&lang=de"]}]},{"@type":"BreadcrumbList","@id":"https:\/\/www.matrix-laser.com\/?page_id=35&lang=de#breadcrumb","itemListElement":[{"@type":"ListItem","position":1,"name":"Startseite","item":"https:\/\/www.matrix-laser.com\/?page_id=35&lang=de"},{"@type":"ListItem","position":2,"name":"Matrix Laser"}]},{"@type":"WebSite","@id":"https:\/\/www.matrix-laser.com\/#website","url":"https:\/\/www.matrix-laser.com\/","name":"Matrix Laser - Showlaser Solutions","description":"","potentialAction":[{"@type":"SearchAction","target":{"@type":"EntryPoint","urlTemplate":"https:\/\/www.matrix-laser.com\/?s={search_term_string}"},"query-input":{"@type":"PropertyValueSpecification","valueRequired":true,"valueName":"search_term_string"}}],"inLanguage":"de"}]}},"_links":{"self":[{"href":"https:\/\/www.matrix-laser.com\/index.php?rest_route=\/wp\/v2\/pages\/35","targetHints":{"allow":["GET"]}}],"collection":[{"href":"https:\/\/www.matrix-laser.com\/index.php?rest_route=\/wp\/v2\/pages"}],"about":[{"href":"https:\/\/www.matrix-laser.com\/index.php?rest_route=\/wp\/v2\/types\/page"}],"author":[{"embeddable":true,"href":"https:\/\/www.matrix-laser.com\/index.php?rest_route=\/wp\/v2\/users\/3"}],"replies":[{"embeddable":true,"href":"https:\/\/www.matrix-laser.com\/index.php?rest_route=%2Fwp%2Fv2%2Fcomments&post=35"}],"version-history":[{"count":35,"href":"https:\/\/www.matrix-laser.com\/index.php?rest_route=\/wp\/v2\/pages\/35\/revisions"}],"predecessor-version":[{"id":333,"href":"https:\/\/www.matrix-laser.com\/index.php?rest_route=\/wp\/v2\/pages\/35\/revisions\/333"}],"wp:attachment":[{"href":"https:\/\/www.matrix-laser.com\/index.php?rest_route=%2Fwp%2Fv2%2Fmedia&parent=35"}],"curies":[{"name":"wp","href":"https:\/\/api.w.org\/{rel}","templated":true}]}}